{"id":489,"date":"2017-01-02T08:30:09","date_gmt":"2017-01-02T08:30:09","guid":{"rendered":"https:\/\/demo.themegrill.com\/flash-default-2\/?page_id=12"},"modified":"2019-08-07T14:59:04","modified_gmt":"2019-08-07T14:59:04","slug":"contact","status":"publish","type":"page","link":"https:\/\/angorasurucukursu.com\/?page_id=489","title":{"rendered":"Bize Ula\u015f\u0131n"},"content":{"rendered":"<p><iframe loading=\"lazy\" style=\"border: 0;\" src=\"https:\/\/www.google.com\/maps\/embed?pb=!1m14!1m8!1m3!1d12231.176101832878!2d32.656201710105194!3d39.96835762998676!3m2!1i1024!2i768!4f13.1!3m3!1m2!1s0x0%3A0x836d3a050dc72267!2zRXJ5YW1hbiBBbmdvcmEgU8O8csO8Y8O8IEt1cnN1!5e0!3m2!1str!2str!4v1537181247504\" width=\"300\" height=\"250\" frameborder=\"0\" allowfullscreen=\"allowfullscreen\"><\/iframe><\/p>\n<p><strong>\u015eeker Mah. 1417. Sok. No: 82 \/ 5\u00a0 Eryaman \/ ANKARA<\/strong><\/p>\n<p><strong>+90 312 281 26 26<\/strong><\/p>\n<p><strong>+90 543 770 29 35<\/strong><\/p>\n<p><strong>bilgi@angorasurucukursu.com<\/strong><\/p>\n<p><strong>www.angorasurucukursu.com<\/strong><\/p>\n<p><strong>\u0130LET\u0130\u015e\u0130M FORMU<\/strong><\/p>\n<p><strong>\n<div class=\"wpcf7 no-js\" id=\"wpcf7-f669-o1\" lang=\"tr-TR\" dir=\"ltr\" data-wpcf7-id=\"669\">\n<div class=\"screen-reader-response\"><p role=\"status\" aria-live=\"polite\" aria-atomic=\"true\"><\/p> <ul><\/ul><\/div>\n<form action=\"\/index.php?rest_route=%2Fwp%2Fv2%2Fpages%2F489#wpcf7-f669-o1\" method=\"post\" class=\"wpcf7-form init\" aria-label=\"\u0130leti\u015fim Formu\" novalidate=\"novalidate\" data-status=\"init\">\n<div style=\"display: none;\">\n<input type=\"hidden\" name=\"_wpcf7\" value=\"669\" \/>\n<input type=\"hidden\" name=\"_wpcf7_version\" value=\"6.0.1\" \/>\n<input type=\"hidden\" name=\"_wpcf7_locale\" value=\"tr_TR\" \/>\n<input type=\"hidden\" name=\"_wpcf7_unit_tag\" value=\"wpcf7-f669-o1\" \/>\n<input type=\"hidden\" name=\"_wpcf7_container_post\" value=\"0\" \/>\n<input type=\"hidden\" name=\"_wpcf7_posted_data_hash\" value=\"\" \/>\n<\/div>\n<p><label> Ad\u0131n\u0131z-Soyad\u0131n\u0131z (gerekli)<br \/>\n<span class=\"wpcf7-form-control-wrap\" data-name=\"your-name\"><input size=\"40\" maxlength=\"400\" class=\"wpcf7-form-control wpcf7-text wpcf7-validates-as-required\" aria-required=\"true\" aria-invalid=\"false\" value=\"\" type=\"text\" name=\"your-name\" \/><\/span> <\/label>\n<\/p>\n<p><label> \u0130leti\u015fim Numaras\u0131 (Cep Telefonu)<br \/>\n<span class=\"wpcf7-form-control-wrap\" data-name=\"tel-992\"><input size=\"40\" maxlength=\"400\" class=\"wpcf7-form-control wpcf7-tel wpcf7-text wpcf7-validates-as-tel\" aria-invalid=\"false\" value=\"\" type=\"tel\" name=\"tel-992\" \/><\/span> <\/label>\n<\/p>\n<p><label> E-posta adresiniz (gerekli)<br \/>\n<span class=\"wpcf7-form-control-wrap\" data-name=\"your-email\"><input size=\"40\" maxlength=\"400\" class=\"wpcf7-form-control wpcf7-email wpcf7-validates-as-required wpcf7-text wpcf7-validates-as-email\" aria-required=\"true\" aria-invalid=\"false\" value=\"\" type=\"email\" name=\"your-email\" \/><\/span> <\/label>\n<\/p>\n<p><label> Mesaj\u0131n\u0131z<br \/>\n<span class=\"wpcf7-form-control-wrap\" data-name=\"your-message\"><textarea cols=\"40\" rows=\"10\" maxlength=\"2000\" class=\"wpcf7-form-control wpcf7-textarea\" aria-invalid=\"false\" name=\"your-message\"><\/textarea><\/span> <\/label>\n<\/p>\n<p><label> Ba\u015fkentimiz ? <\/label><br \/>\n<span class=\"wpcf7-form-control-wrap\" data-name=\"quiz-305\"><label><span class=\"wpcf7-quiz-label\"><\/span> <input size=\"40\" class=\"wpcf7-form-control wpcf7-quiz\" autocomplete=\"off\" aria-required=\"true\" aria-invalid=\"false\" type=\"text\" name=\"quiz-305\" \/><\/label><input type=\"hidden\" name=\"_wpcf7_quiz_answer_quiz-305\" value=\"0d83081b0f92ff87f48f4d4d010ab07c\" \/><\/span>\n<\/p>\n<p><input class=\"wpcf7-form-control wpcf7-submit has-spinner\" type=\"submit\" value=\"G\u00f6nder\" \/>\n<\/p><div class=\"wpcf7-response-output\" aria-hidden=\"true\"><\/div>\n<\/form>\n<\/div>\n<\/strong><\/p>\n","protected":false},"excerpt":{"rendered":"<p>\u015eeker Mah. 1417. Sok. No: 82 \/ 5\u00a0 Eryaman \/ ANKARA +90 312 281 26 26 +90 543 770 29 [&hellip;]<\/p>\n","protected":false},"author":1,"featured_media":0,"parent":0,"menu_order":0,"comment_status":"closed","ping_status":"closed","template":"","meta":{"footnotes":""},"class_list":["post-489","page","type-page","status-publish","hentry"],"_links":{"self":[{"href":"https:\/\/angorasurucukursu.com\/index.php?rest_route=\/wp\/v2\/pages\/489","targetHints":{"allow":["GET"]}}],"collection":[{"href":"https:\/\/angorasurucukursu.com\/index.php?rest_route=\/wp\/v2\/pages"}],"about":[{"href":"https:\/\/angorasurucukursu.com\/index.php?rest_route=\/wp\/v2\/types\/page"}],"author":[{"embeddable":true,"href":"https:\/\/angorasurucukursu.com\/index.php?rest_route=\/wp\/v2\/users\/1"}],"replies":[{"embeddable":true,"href":"https:\/\/angorasurucukursu.com\/index.php?rest_route=%2Fwp%2Fv2%2Fcomments&post=489"}],"version-history":[{"count":10,"href":"https:\/\/angorasurucukursu.com\/index.php?rest_route=\/wp\/v2\/pages\/489\/revisions"}],"predecessor-version":[{"id":827,"href":"https:\/\/angorasurucukursu.com\/index.php?rest_route=\/wp\/v2\/pages\/489\/revisions\/827"}],"wp:attachment":[{"href":"https:\/\/angorasurucukursu.com\/index.php?rest_route=%2Fwp%2Fv2%2Fmedia&parent=489"}],"curies":[{"name":"wp","href":"https:\/\/api.w.org\/{rel}","templated":true}]}}