{"id":488,"date":"2017-01-02T08:30:05","date_gmt":"2017-01-02T08:30:05","guid":{"rendered":"https:\/\/demo.themegrill.com\/flash-default-2\/?page_id=11"},"modified":"2021-03-06T20:16:53","modified_gmt":"2021-03-06T20:16:53","slug":"typography","status":"publish","type":"page","link":"https:\/\/angorasurucukursu.com\/?page_id=488","title":{"rendered":"\u0130lk Yard\u0131m Bilgisi"},"content":{"rendered":"<h5>TANIMI &#8211; AMACI &#8211; HEDEFLER\u0130<\/h5>\n<p>Birdenbire hastalanan veya yaralanan ki\u015fiye t\u0131bbi tedavi yap\u0131l\u0131ncaya kadar an\u0131nda ve olay yerinde \u00e7evre olanaklar\u0131yla yap\u0131lan ge\u00e7ici m\u00fcdahaleye ilkyard\u0131m nedir.<\/p>\n<p>\u0130lkyard\u0131mc\u0131 \u015funu asla unutmamal\u0131d\u0131r ki; yapaca\u011f\u0131 i\u015flem bir tedavi de\u011fildir; \u00e7\u00fcnk\u00fc amac\u0131m\u0131z tedavi de\u011fildir ilk yard\u0131md\u0131r. Baz\u0131 kitaplarda ilk yard\u0131m, 3T (tan\u0131- tedavi- ta\u015f\u0131ma) olarak a\u00e7\u0131klamaktad\u0131r. Ancak bura da ge\u00e7en ikinci T (tedavi) ifadesi s\u00fcr\u00fcc\u00fc kurslar\u0131nda verilen ilkyard\u0131m e\u011fitiminde do\u011fru olarak kabul edilemez Bilindi\u011fi gibi, tedaviyi sa\u011fl\u0131kla ilgili okullarda e\u011fitim alarak meslek sahibi olanlar yapabilirler.<\/p>\n<h5>AMACI:<\/h5>\n<p>Yaral\u0131n\u0131n durumunu kontrol alt\u0131na al\u0131p daha k\u00f6t\u00fcye gitmemesine engelleyerek hayat kurtarmakt\u0131r.<\/p>\n<ul>\n<li>SAKATLI\u011eI \u00d6NLER,<\/li>\n<li>SAKATLIK DERECES\u0130N\u0130 AZALTIR,<\/li>\n<li>\u0130LK YARDIM HAYAT KURTARIR<\/li>\n<\/ul>\n<h5>\u0130LKELER\u0130:<\/h5>\n<h5>\u0130yi bir ilk yard\u0131m i\u00e7in \u015fu ilkelere uyulmal\u0131d\u0131r:<\/h5>\n<ul>\n<li>\u00c7abuk karar vererek yaral\u0131y\u0131 de\u011ferlendirmek<\/li>\n<li>Yaral\u0131y\u0131 bulundu\u011fu pozisyondan kurtararak uygun pozisyon vermek<\/li>\n<li>Ge\u00e7ici \u00f6nlemi hemen almak<\/li>\n<li>Kalabal\u0131\u011f\u0131 uzakla\u015ft\u0131rmak<\/li>\n<li>Moral vermek<\/li>\n<li>Bilincini a\u00e7\u0131k tutmak<\/li>\n<li>S\u0131cak tutmak<\/li>\n<li>\u00c7ama\u015f\u0131rlar\u0131 keserek \u00e7\u0131karmak<\/li>\n<li>G\u00fcvenli yere almak.<\/li>\n<\/ul>\n<h5>HEDEFLER\u0130:<\/h5>\n<ul>\n<li>Solunumun sa\u011flanmas\u0131<\/li>\n<li>Kalbin \u00e7al\u0131\u015ft\u0131r\u0131lmas\u0131<\/li>\n<li>Kanaman\u0131n durdurulmas\u0131<\/li>\n<li>\u015eokun engellenmesi<\/li>\n<li>Yaran\u0131n d\u0131\u015f etkenlerden korunmas\u0131<\/li>\n<li>Uygun pozisyon verilmesi<\/li>\n<li>Haberle\u015fmenin sa\u011flanmas\u0131<\/li>\n<\/ul>\n<h5>Yaral\u0131n\u0131n Ta\u015f\u0131narak Sevk Edilmesi<\/h5>\n<p>\u00d6rne\u011fin, bir otob\u00fcs kazas\u0131nda bir\u00e7ok yaral\u0131 var ise, \u00f6nce soluk almayandan, kalbi \u00e7al\u0131\u015fmayandan, kanamas\u0131 olandan ba\u015flayarak ilk yard\u0131m yap\u0131lmal\u0131d\u0131r.<\/p>\n<h5>A\u015eAMALARI:<\/h5>\n<ul>\n<li>1.Trafik emniyet \u00f6nlemlerini almak.Kaza yapan arac\u0131n arkas\u0131na 150m. geriden g\u00f6r\u00fclebilecek \u015fekilde reflekt\u00f6r koyulmal\u0131. d\u00f6neme\u00e7te ise \u00f6n tarafa da yerle\u015ftirilebilir.( Ta\u015f,lastik ve a\u011fa\u00e7 dal\u0131 koymak yanl\u0131\u015ft\u0131r. Orada b\u0131rak\u0131labilecekleri ihtimali d\u00fc\u015f\u00fcn\u00fcl\u00fcrse ba\u015fka kazalara neden olabilir.) B\u00f6ylece hem zincirleme kaza \u00f6nlenerek yeni yaralanmalar da \u00f6nlenmi\u015f olacak, hemde ara\u00e7taki yaral\u0131n\u0131n durumu ikinci darbe ile daha k\u00f6t\u00fcye gitmemi\u015f olacak. \u0130lk yard\u0131mc\u0131n\u0131n da g\u00fcvenli\u011fi sa\u011flanm\u0131\u015f olacakt\u0131r.<\/li>\n<li>2. Yaral\u0131y\u0131 tehlikeli yerden g\u00fcvenli yere almak.<\/li>\n<li>3. Hangi konuda ilkyard\u0131m yap\u0131laca\u011f\u0131na karar vermek ve uygulamak.<\/li>\n<li>4. Haberle\u015fmeyi sa\u011flamak.<\/li>\n<li>5. Hangi yaral\u0131n\u0131n \u00f6nce ta\u015f\u0131na ca\u011f\u0131na karar vermek; gruplamak.<\/li>\n<li>6. Yaral\u0131lar\u0131 ta\u015f\u0131yarak sevk etmek.<\/li>\n<\/ul>\n<p>ilerideki konular\u0131m\u0131zda bu a\u015famalar tek tek a\u00e7\u0131klanaca\u011f\u0131 i\u00e7in burada sadece a\u015fama olarak say\u0131lm\u0131\u015f ve detayland\u0131r\u0131lmam\u0131\u015ft\u0131r.<\/p>\n<h5>\u0130LK YARDIMCININ \u00d6ZELL\u0130KLER\u0130:<\/h5>\n<p>Ya\u015famak bir insan hakk\u0131, ya\u015fatmak i\u00e7in \u00e7aba harcamak da bir yurtta\u015fl\u0131k g\u00f6revidir. Bu bilin\u00e7le bir ilkyard\u0131mc\u0131da \u015fu \u00f6zellikler bulunmal\u0131d\u0131r:<\/p>\n<ul>\n<li>\u00d6ncelikle ilkyard\u0131m konusunda yeterli bilgi ve beceriye.sahip olmal\u0131d\u0131r.<\/li>\n<li>Empati geli\u015ftirmeli (kendisini yaral\u0131n\u0131n yerine koyma).<\/li>\n<li>Yaray\u0131 iyi de\u011ferlendirmeli.<\/li>\n<li>\u00dcmitsizlik belirtisi g\u00f6stermeden sakin olmal\u0131.<\/li>\n<li>\u0130lk yard\u0131mc\u0131 kendi g\u00fcvenli\u011fini riske atmamal\u0131.<\/li>\n<li>\u00c7evre olanaklar\u0131ndan iyi yararlanmal\u0131.<\/li>\n<li>Eldeki malzemeyi en iyi \u015fekilde kullanmal\u0131.<\/li>\n<li>Yaral\u0131ya moral verebilmeli.<\/li>\n<li>Ambulans geldi\u011finde sa\u011fl\u0131k g\u00f6revlilerine gerekli bilgileri aktara bilmeli.<\/li>\n<\/ul>\n<p>\u0130lk yard\u0131m bilgi ve becerisini kazanan s\u00fcr\u00fcc\u00fcler, kazay\u0131 g\u00f6rd\u00fc\u011f\u00fc anda m\u00fcdahale etmek zorundad\u0131rlar. Yoksa hem insanl\u0131k g\u00f6revlerini yapmam\u0131\u015f olacaklar hem de puan ve para cezas\u0131n\u0131 birlikte \u00f6deyeceklerdir.<\/p>\n<div class=\"stnz_pageTitle\">\n<h5>KAZA YER\u0130 VE \u0130LK YARDIM \u00d6NLEMLER\u0130<\/h5>\n<\/div>\n<p>\u0130lk yard\u0131m uygulamalar\u0131na ba\u015flamadan \u00f6nce, ilkyard\u0131mc\u0131 \u00f6ncelikle hem kendi hem de yaral\u0131n\u0131n g\u00fcvenli\u011fini sa\u011flamak zorundad\u0131r. Bu nedenle \u015fu \u00f6nlemleri almal\u0131d\u0131r.<\/p>\n<ul>\n<li>\u0130\u015faret vererek ara\u00e7 sa\u011fda durdurulur.<\/li>\n<li>D\u00f6rtl\u00fc sinyaller yak\u0131l\u0131r.<\/li>\n<li>Kaza yerinin en az 150 metreden g\u00f6r\u00fclebilecek \u015fekilde reflekt\u00f6r veya sinyalli, \u0131\u015f\u0131kl\u0131 cihaz yerle\u015ftirilir.<\/li>\n<li>Ta\u015f, a\u011fa\u00e7 dal\u0131, lastik koyulmaz<\/li>\n<li>B\u00f6ylece zincirleme kaza \u00f6nlenrni\u015f olur.<\/li>\n<li>M\u00fcmk\u00fcnse kaza yapan arac\u0131n konta\u011f\u0131 kapat\u0131larak motoru devreden \u00e7\u0131kar\u0131l\u0131r.<\/li>\n<li>Arac\u0131n yanma olas\u0131l\u0131\u011f\u0131na kar\u015f\u0131 dikkatli olmal\u0131.<\/li>\n<li>Arac\u0131n devrilme olas\u0131l\u0131\u011f\u0131 unutulmamal\u0131d\u0131r.<\/li>\n<li>\u0130lk yard\u0131m\u0131n yap\u0131laca\u011f\u0131 ortam haz\u0131rlan\u0131rken \u015funlara dikkat edilmelidir:<\/li>\n<li>Ta\u015f\u0131maya uygun bir yer olmas\u0131.<\/li>\n<li>Ayd\u0131nlatma uygun olmas\u0131.<\/li>\n<li>\u0130lk yard\u0131m malzemelerinin kolay ula\u015ft\u0131r\u0131labilece\u011fi bir yer olmas\u0131.<\/li>\n<li>Ara\u00e7 ve ambulans\u0131n girebilece\u011fi yer olmas\u0131.<\/li>\n<li>\u0130klim ko\u015fullar\u0131n\u0131n uygun oldu\u011fu ortam olmas\u0131 gerekiyor ki ilkyard\u0131mc\u0131 ilkyard\u0131m\u0131 rahat, uygun bir ortamda s\u00fcratle uygulayabilsin.<\/li>\n<\/ul>\n<p>Yaral\u0131n\u0131n ara\u00e7tan \u00e7\u0131kar\u0131lmas\u0131 son derece \u00f6nemlidir. Yap\u0131lacak bir yanl\u0131\u015fl\u0131k onun \u00f6l\u00fcm\u00fcne, durumunun daha k\u00f6t\u00fcye gitmesine veya sakat kalmas\u0131na neden olabilir. E\u011fer yaral\u0131 ara\u00e7ta s\u0131k\u0131\u015fmam\u0131\u015f ise emniyet kemeri \u00e7\u00f6z\u00fcld\u00fckten sonra m\u00fcmk\u00fcnse 3 ki\u015fiyle \u00e7\u0131kar\u0131lmal\u0131d\u0131r.<\/p>\n<p>Ancak bir ki\u015fiden ba\u015fka kimse yoksa.ve ara\u00e7 yan\u0131yorsa acele olarak, tek ki\u015fi ile \u00e7\u0131kar\u0131l\u0131r.<\/p>\n<p>Kap\u0131lar a\u00e7\u0131lm\u0131yorsa baz\u0131 aletlerle (levye gibi ) a\u00e7\u0131lmas\u0131 i\u00e7in u\u011fra\u015f verilir, ilk yard\u0131mc\u0131n\u0131n ve yaral\u0131n\u0131n g\u00fcvenli\u011fi i\u00e7in araba sabitlenmeden kesinlikle yaral\u0131 \u00e7\u0131kar\u0131lmal\u0131d\u0131r.<\/p>\n<p>Yaral\u0131 ara\u00e7tan \u00e7\u0131kar\u0131l\u0131p ne t\u00fcr bir ilkyard\u0131ma gereksinimi oldu\u011funa karar verilir verilmez hemen uygun bir pozisyon verilmelidir. Aksi hal de ilkyard\u0131m\u0131n etkinli\u011fi kalmaz. Hangi yaral\u0131ya hangi pozisyonlar\u0131n verilece\u011fi ilerideki konular\u0131m\u0131zda yeri geldi\u011finde.<\/p>\n<p>ilkyard\u0131m\u0131n temel kurallar\u0131ndan birisi de yaral\u0131n\u0131n ya\u015famsal bulgular \u015funlard\u0131r.<\/p>\n<ul>\n<li>Solu\u011fu: Solunumun olup olmad\u0131\u011f\u0131.<\/li>\n<li>Kalp at\u0131m\u0131: Nabz\u0131n hissedilip hissedilmedi\u011fi.<\/li>\n<li>Bilinci: Kaybedip kaybetmedi\u011fi.<\/li>\n<li>Kanamas\u0131: Olup olmad\u0131\u011f\u0131 \u00e7e\u015fidi.<\/li>\n<li>Yaras\u0131: Ne t\u00fcr oldu\u011fu.<\/li>\n<li>Rengi: \u015eoka girip girmedi\u011fi.<\/li>\n<li>Is\u0131s\u0131: D\u00fc\u015f\u00fcp d\u00fc\u015fmedi\u011fi.<\/li>\n<li>G\u00f6zbebekleri: Kalbin durup durmad\u0131\u011f\u0131 veya beyin kanams\u0131 olup olmad\u0131\u011f\u0131.<\/li>\n<\/ul>\n","protected":false},"excerpt":{"rendered":"<p>TANIMI &#8211; AMACI &#8211; HEDEFLER\u0130 Birdenbire hastalanan veya yaralanan ki\u015fiye t\u0131bbi tedavi yap\u0131l\u0131ncaya kadar an\u0131nda ve olay yerinde \u00e7evre olanaklar\u0131yla [&hellip;]<\/p>\n","protected":false},"author":1,"featured_media":0,"parent":0,"menu_order":0,"comment_status":"closed","ping_status":"closed","template":"","meta":{"footnotes":""},"class_list":["post-488","page","type-page","status-publish","hentry"],"_links":{"self":[{"href":"https:\/\/angorasurucukursu.com\/index.php?rest_route=\/wp\/v2\/pages\/488","targetHints":{"allow":["GET"]}}],"collection":[{"href":"https:\/\/angorasurucukursu.com\/index.php?rest_route=\/wp\/v2\/pages"}],"about":[{"href":"https:\/\/angorasurucukursu.com\/index.php?rest_route=\/wp\/v2\/types\/page"}],"author":[{"embeddable":true,"href":"https:\/\/angorasurucukursu.com\/index.php?rest_route=\/wp\/v2\/users\/1"}],"replies":[{"embeddable":true,"href":"https:\/\/angorasurucukursu.com\/index.php?rest_route=%2Fwp%2Fv2%2Fcomments&post=488"}],"version-history":[{"count":9,"href":"https:\/\/angorasurucukursu.com\/index.php?rest_route=\/wp\/v2\/pages\/488\/revisions"}],"predecessor-version":[{"id":867,"href":"https:\/\/angorasurucukursu.com\/index.php?rest_route=\/wp\/v2\/pages\/488\/revisions\/867"}],"wp:attachment":[{"href":"https:\/\/angorasurucukursu.com\/index.php?rest_route=%2Fwp%2Fv2%2Fmedia&parent=488"}],"curies":[{"name":"wp","href":"https:\/\/api.w.org\/{rel}","templated":true}]}}