{"id":24,"date":"2017-01-02T09:35:03","date_gmt":"2017-01-02T09:35:03","guid":{"rendered":"https:\/\/demo.themegrill.com\/flash-default-2\/?page_id=24"},"modified":"2021-06-19T14:34:56","modified_gmt":"2021-06-19T14:34:56","slug":"left-sidebar","status":"publish","type":"page","link":"https:\/\/angorasurucukursu.com\/?page_id=24","title":{"rendered":"Direskiyon E\u011fitimlerimiz"},"content":{"rendered":"<p><strong>\u00d6ZEL D\u0130REKS\u0130YON DERS\u0130<\/strong><\/p>\n<p><strong>RANDEVU\u00a0<\/strong>: Direksiyon dersleri sizin istedi\u011finiz g\u00fcn ve saatlerde \u00f6nceden kursumuzu arayarak randevu al\u0131narak pro\u011fram dahilinde yap\u0131l\u0131r.<br \/>\n<strong>DERS SAATLER\u0130<\/strong> : Her g\u00fcn sabah 08:30 ile ak\u015fam 17.30 saatleri aras\u0131 direksiyon e\u011fitimi verilmektedir. Bu saatler i\u00e7erisinde size uygun zaman\u0131 se\u00e7ip bizimle programlama i\u00e7in yeterlidir.<br \/>\n<strong>E\u011e\u0130T\u0130M G\u00dcZERGAHI<\/strong>: Direksiyon e\u011fitimi yap\u0131lacak g\u00fczergah Ankara trafi\u011finin yo\u011fun oldu\u011fu b\u00f6lgelerdir. Ayr\u0131ca sizin s\u0131k kulland\u0131\u011f\u0131n\u0131z g\u00fczergahlarda da e\u011fitim verilir.<br \/>\n\u00d6rne\u011fin; Eviniz ile i\u015f yeriniz aras\u0131nda direksiyon dersi alabilirsiniz.<br \/>\n<strong>E\u011e\u0130T\u0130M ARACI<\/strong>\u00a0: E\u011fitim ara\u00e7lar\u0131m\u0131z Manuel (D\u00fcz vites) ve otomatik vites C\u0130LO 4&#8217;d\u00fcr.<br \/>\n<strong>NE KADAR S\u00dcREDE \u00d6\u011eREN\u0130L\u0130R<\/strong>\u00a0: \u00d6\u011frenmek ki\u015fiden ki\u015fiye farkl\u0131l\u0131k g\u00f6sterebilir ancak ortalama olarak yakla\u015f\u0131k 10 saatlik direksiyon dersi alarak trafi\u011fe \u00e7\u0131kacak hale gelirsiniz. Son dersleriniz kendi arac\u0131n\u0131zla yap\u0131lacakt\u0131r. Bundan sonra s\u00fcre\u00e7 sizin yapaca\u011f\u0131n\u0131z kendi arac\u0131n\u0131zla s\u00fcrekli pratik yaparak kendinizi geli\u015ftirmek.<br \/>\n<strong>D\u0130REKS\u0130YON E\u011e\u0130T\u0130M VEREN \u00d6\u011eRETMENLER<\/strong>\u00a0: Direksiyon e\u011fitimi veren \u00f6\u011fretmenlerimiz bu konuda 10 y\u0131ld\u0131r \u015fehir i\u00e7inde \u00f6zel direksiyon dersi verme konusunda tecr\u00fcbeye sahiptirler.Ve hepsinin Milli E\u011fitim Direksiyon Usta \u00d6\u011freticilik belgeleri vard\u0131r. Tercihe g\u00f6re BAY-BAYAN Usta \u00d6\u011freticimiz mevcuttur.<\/p>\n","protected":false},"excerpt":{"rendered":"<p>\u00d6ZEL D\u0130REKS\u0130YON DERS\u0130 RANDEVU\u00a0: Direksiyon dersleri sizin istedi\u011finiz g\u00fcn ve saatlerde \u00f6nceden kursumuzu arayarak randevu al\u0131narak pro\u011fram dahilinde yap\u0131l\u0131r. DERS [&hellip;]<\/p>\n","protected":false},"author":1,"featured_media":0,"parent":0,"menu_order":0,"comment_status":"closed","ping_status":"closed","template":"","meta":{"footnotes":""},"class_list":["post-24","page","type-page","status-publish","hentry"],"_links":{"self":[{"href":"https:\/\/angorasurucukursu.com\/index.php?rest_route=\/wp\/v2\/pages\/24","targetHints":{"allow":["GET"]}}],"collection":[{"href":"https:\/\/angorasurucukursu.com\/index.php?rest_route=\/wp\/v2\/pages"}],"about":[{"href":"https:\/\/angorasurucukursu.com\/index.php?rest_route=\/wp\/v2\/types\/page"}],"author":[{"embeddable":true,"href":"https:\/\/angorasurucukursu.com\/index.php?rest_route=\/wp\/v2\/users\/1"}],"replies":[{"embeddable":true,"href":"https:\/\/angorasurucukursu.com\/index.php?rest_route=%2Fwp%2Fv2%2Fcomments&post=24"}],"version-history":[{"count":6,"href":"https:\/\/angorasurucukursu.com\/index.php?rest_route=\/wp\/v2\/pages\/24\/revisions"}],"predecessor-version":[{"id":878,"href":"https:\/\/angorasurucukursu.com\/index.php?rest_route=\/wp\/v2\/pages\/24\/revisions\/878"}],"wp:attachment":[{"href":"https:\/\/angorasurucukursu.com\/index.php?rest_route=%2Fwp%2Fv2%2Fmedia&parent=24"}],"curies":[{"name":"wp","href":"https:\/\/api.w.org\/{rel}","templated":true}]}}